{"id":28840,"date":"2018-02-03T14:15:46","date_gmt":"2018-02-03T13:15:46","guid":{"rendered":"http:\/\/jillesche.de\/?page_id=28840"},"modified":"2018-03-22T10:27:35","modified_gmt":"2018-03-22T09:27:35","slug":"impressum","status":"publish","type":"page","link":"https:\/\/jillesche.de\/index.php\/impressum\/","title":{"rendered":"Impressum"},"content":{"rendered":"<p>[et_pb_section fb_built=&#8221;1&#8243; background_color=&#8221;#000000&#8243; admin_label=&#8221;About Sarah&#8221; module_id=&#8221;cv&#8221; module_class=&#8221;cv&#8221; _builder_version=&#8221;3.0.96&#8243; parallax=&#8221;on&#8221; custom_padding=&#8221;0px|0px|0px|0px&#8221;][et_pb_row _builder_version=&#8221;3.0.47&#8243; background_size=&#8221;initial&#8221; background_position=&#8221;top_left&#8221; background_repeat=&#8221;repeat&#8221;][et_pb_column type=&#8221;1_4&#8243; _builder_version=&#8221;3.0.47&#8243; parallax=&#8221;off&#8221; parallax_method=&#8221;on&#8221;][et_pb_image src=&#8221;http:\/\/jillesche.de\/wp-content\/uploads\/2018\/01\/logo-jill_kleiner.png&#8221; _builder_version=&#8221;3.0.96&#8243;][\/et_pb_image][\/et_pb_column][et_pb_column type=&#8221;1_2&#8243; _builder_version=&#8221;3.0.47&#8243; parallax=&#8221;off&#8221; parallax_method=&#8221;on&#8221;][et_pb_text background_layout=&#8221;dark&#8221; _builder_version=&#8221;3.0.96&#8243; text_font=&#8221;Comfortaa||||||||&#8221; text_font_size=&#8221;18&#8243; text_font_size_last_edited=&#8221;on|desktop&#8221; text_text_color=&#8221;#ffffff&#8221; text_line_height=&#8221;1.4em&#8221; header_font=&#8221;Comfortaa||||||||&#8221; background_size=&#8221;initial&#8221; background_position=&#8221;top_left&#8221; background_repeat=&#8221;repeat&#8221; max_width=&#8221;440px&#8221; max_width_tablet=&#8221;100%&#8221; custom_margin=&#8221;5%|||&#8221; custom_margin_tablet=&#8221;3%|||&#8221; custom_margin_phone=&#8221;7%|||&#8221; custom_margin_last_edited=&#8221;on|phone&#8221; custom_padding=&#8221;||30px|&#8221; custom_css_main_element=&#8221;font-weight:300;&#8221; use_border_color=&#8221;off&#8221; inline_fonts=&#8221;Comfortaa&#8221;]<\/p>\n<h1><strong>Impressum<\/strong><\/h1>\n<p><strong>Betreiber und Kontakt:<\/strong><br \/> Jill Esche \u2013 Osteopathie Heilpraktikerin<br \/> Wilhelmstra\u00dfe 67<br \/> 50733 K\u00f6ln<br \/> kontakt@jillesche.de<br \/> 0171 &#8211; 766 85 13<\/p>\n<p>Disclaimer von eRecht24<br \/> <strong>Haftung f\u00fcr Inhalte<\/strong><br \/> Die Inhalte meiner Seite wurden mit gr\u00f6\u00dfter Sorgfalt erstellt. F\u00fcr die Richtigkeit, Vollst\u00e4ndigkeit und Aktualit\u00e4t der Inhalte kann ich jedoch kein Gew\u00e4hr \u00fcbernehmen. Als Dienstanbieter bin ich gem\u00e4\u00df \u00a7 7 Abs.1 TMG f\u00fcr eigene Inhalte auf dieser Seite nach den allgemeinen Gesetzen verantwortlich. Nach \u00a7 8-10 TMG bin ich als Dienstanbieter jedoch nicht verpflichtet, \u00fcbermittelte oder gespeicherte fremden Informationen zu \u00fcberwachen oder nach Umst\u00e4nden zu forschen, die auf eine rechtswidrige T\u00e4tigkeit hinweisen. Verpflichtungen zur Entfernung oder Sperrung der Nutzung von Informationen nach den allgemeinen Gesetzen bleiben hiervon unber\u00fchrt. Eine diesbez\u00fcgliche Haftung ist jedoch erst ab dem Zeitpunkt der Kenntnis einer konkreten Rechtsverletzung m\u00f6glich. Bei Bekanntwerden von entsprechenden Rechtsverletzungen werde ich diese Inhalte umgehend entfernen.<\/p>\n<p><strong>Haftung f\u00fcr Links<\/strong><br \/> User Angebot enth\u00e4lt Links zu externen Webseiten Dritter, auf deren Inhalte wir keinen Einfluss haben. Deshalb k\u00f6nnen wir f\u00fcr diese fremden Inhalte auch kein Gew\u00e4hr \u00fcbernehmen. F\u00fcr Inhalte der verlinkten Seiten ist stets der jeweilige Anbieter oder Betreiber der Seite verantwortlich. Die verlinkten Seiten wurden zum Zeitpunkt der Verlinkung auf m\u00f6gliche Rechtsverst\u00f6\u00dfe \u00fcberpr\u00fcft. Rechtswidrige Inhalte waren zum Zeitpunkt der Verlinkung nicht erkennbar. Eine permanente inhaltliche Kontrolle der verlinkten Seiten ist jedoch ohne konkrete Anhaltspunkte einer Rechtsverletzung nicht zumutbar. Bei Bekanntwerden von Rechtsverletzungen werden wir derartige Links umgehend entfernen.<\/p>\n<p><strong>Urheberrecht<\/strong><br \/> Die durch den Seitenbetreiber erstellten Inhalte und Werke auf dieser Seiten unterliegen dem deutschen Urheberrecht. Die Vervielf\u00e4ltigung, Bearbeitung, Verbreitung und jede Art der Verwertung au\u00dferhalb der Grenzen des Urheberrechtes bed\u00fcrfen der schriftlichen Zustimmung des jeweiligen Autors bzw. Erstellers. Downloads und Kopien dieser Seite sind nur f\u00fcr den privaten, nicht kommerziellen Gebrauch gestattet. Soweit die Inhalte auf dieser Seite nicht vom Betreiber erstellt wurden, werden die Urheberrechte Dritter beachtet. Insbesondere werden Inhalte Dritter als solche gekennzeichnet. Sotten Sie trotzdem auf eine Urheberrechtsverletzung aufmerksam werden, bitten wir um eine entsprechenden Hinweis. Bei Bekanntwerden von Rechtsverletzungen werde ich derartige Inhalte umgehend entfernen.<\/p>\n<p>Bilder auf dieser Seite:<br \/> Portrait Bild Jill Esche (private Aufnahme)<br \/><a href=\"http:\/\/www.pexels.com\"><\/a><\/p>\n<p><a href=\"http:\/\/www.victoriagase.de\"><span style=\"color: #ffffff;\">Gestaltung der Website und der Logos von <\/span><span style=\"color: #8300e9;\">Victoria Gase B.A.<\/span><\/a><\/p>\n<p><a href=\"http:\/\/www.pexels.com\">Gewww.pexels.com<\/a><\/p>\n<p>[\/et_pb_text][et_pb_button button_url=&#8221;http:\/\/jillesche.de\/&#8221; button_text=&#8221;Zur\u00fcck&#8221; background_layout=&#8221;dark&#8221; _builder_version=&#8221;3.0.96&#8243;][\/et_pb_button][\/et_pb_column][et_pb_column type=&#8221;1_4&#8243; _builder_version=&#8221;3.0.47&#8243; parallax=&#8221;off&#8221; parallax_method=&#8221;on&#8221;][\/et_pb_column][\/et_pb_row][\/et_pb_section][et_pb_section fb_built=&#8221;1&#8243; background_color=&#8221;#000000&#8243; admin_label=&#8221;Footer&#8221; _builder_version=&#8221;3.0.96&#8243; custom_padding=&#8221;0px||0px|&#8221;][et_pb_row use_custom_gutter=&#8221;on&#8221; gutter_width=&#8221;2&#8243; custom_padding=&#8221;50px||50px|&#8221; padding_mobile=&#8221;on&#8221; column_padding_mobile=&#8221;on&#8221; parallax_method_1=&#8221;off&#8221; parallax_method_2=&#8221;off&#8221; parallax_method_3=&#8221;off&#8221; admin_label=&#8221;Row&#8221; _builder_version=&#8221;3.0.96&#8243; background_size=&#8221;initial&#8221; background_position=&#8221;top_left&#8221; background_repeat=&#8221;repeat&#8221;][et_pb_column type=&#8221;1_2&#8243; _builder_version=&#8221;3.0.47&#8243; column_padding_mobile=&#8221;on&#8221; parallax=&#8221;off&#8221; parallax_method=&#8221;off&#8221;][et_pb_text _builder_version=&#8221;3.0.96&#8243; text_font=&#8221;Roboto|on|||&#8221; text_font_size=&#8221;28&#8243; text_text_color=&#8221;#8bd3c8&#8243; text_line_height=&#8221;1.4em&#8221; background_size=&#8221;initial&#8221; background_position=&#8221;top_left&#8221; background_repeat=&#8221;repeat&#8221; custom_margin=&#8221;||8px|&#8221; custom_css_main_element=&#8221;font-weight: 900;&#8221; use_border_color=&#8221;off&#8221; border_style=&#8221;solid&#8221;]<\/p>\n<p><img loading=\"lazy\" decoding=\"async\" class=\"wp-image-28513 alignnone size-medium\" src=\"..\/..\/wp-content\/uploads\/2018\/01\/logo-jill_kleiner-235x300.png\" alt=\"\" width=\"158\" height=\"202\" srcset=\"https:\/\/jillesche.de\/wp-content\/uploads\/2018\/01\/logo-jill_kleiner-235x300.png 235w, https:\/\/jillesche.de\/wp-content\/uploads\/2018\/01\/logo-jill_kleiner.png 283w\" sizes=\"(max-width: 158px) 100vw, 158px\" \/><\/p>\n<p>[\/et_pb_text][et_pb_text _builder_version=&#8221;3.0.47&#8243; text_font=&#8221;Roboto||||&#8221; text_font_size=&#8221;16&#8243; text_text_color=&#8221;#848484&#8243; text_line_height=&#8221;1.5em&#8221; background_size=&#8221;initial&#8221; background_position=&#8221;top_left&#8221; background_repeat=&#8221;repeat&#8221; max_width=&#8221;300px&#8221; custom_margin=&#8221;||30px|&#8221; custom_margin_tablet=&#8221;||10px|&#8221; custom_margin_last_edited=&#8221;on|tablet&#8221; custom_padding=&#8221;0px|||&#8221; use_border_color=&#8221;off&#8221; border_style=&#8221;solid&#8221;][\/et_pb_text][et_pb_text _builder_version=&#8221;3.0.47&#8243; text_font=&#8221;Roboto Condensed|on|||&#8221; text_font_size=&#8221;12&#8243; text_text_color=&#8221;#848484&#8243; text_line_height=&#8221;1.5em&#8221; background_size=&#8221;initial&#8221; background_position=&#8221;top_left&#8221; background_repeat=&#8221;repeat&#8221; max_width=&#8221;300px&#8221; custom_padding=&#8221;0px|||&#8221; use_border_color=&#8221;off&#8221; border_style=&#8221;solid&#8221;][\/et_pb_text][\/et_pb_column][et_pb_column type=&#8221;1_4&#8243; _builder_version=&#8221;3.0.47&#8243; column_padding_mobile=&#8221;on&#8221; parallax=&#8221;off&#8221; parallax_method=&#8221;off&#8221;][et_pb_text background_layout=&#8221;dark&#8221; _builder_version=&#8221;3.0.96&#8243; text_font=&#8221;Comfortaa||||||||&#8221; text_text_color=&#8221;#ffffff&#8221; header_font=&#8221;Comfortaa||||||||&#8221; header_text_color=&#8221;#ffffff&#8221;]<\/p>\n<p><a href=\"..\/startseite_clean\">Startseite<\/a><\/p>\n<p>[\/et_pb_text][\/et_pb_column][et_pb_column type=&#8221;1_4&#8243; _builder_version=&#8221;3.0.47&#8243; column_padding_mobile=&#8221;on&#8221; parallax=&#8221;off&#8221; parallax_method=&#8221;off&#8221;][\/et_pb_column][\/et_pb_row][\/et_pb_section]<\/p>\n","protected":false},"excerpt":{"rendered":"<p>Impressum Betreiber und Kontakt: Jill Esche \u2013 Osteopathie Heilpraktikerin Wilhelmstra\u00dfe 67 50733 K\u00f6ln kontakt@jillesche.de 0171 &#8211; 766 85 13 Disclaimer von eRecht24 Haftung f\u00fcr Inhalte Die Inhalte meiner Seite wurden mit gr\u00f6\u00dfter Sorgfalt erstellt. F\u00fcr die Richtigkeit, Vollst\u00e4ndigkeit und Aktualit\u00e4t der Inhalte kann ich jedoch kein Gew\u00e4hr \u00fcbernehmen. Als Dienstanbieter bin ich gem\u00e4\u00df \u00a7 7 [&hellip;]<\/p>\n","protected":false},"author":1,"featured_media":0,"parent":0,"menu_order":0,"comment_status":"closed","ping_status":"closed","template":"","meta":{"_et_pb_use_builder":"on","_et_pb_old_content":"","_et_gb_content_width":"","footnotes":""},"class_list":["post-28840","page","type-page","status-publish","hentry"],"_links":{"self":[{"href":"https:\/\/jillesche.de\/index.php\/wp-json\/wp\/v2\/pages\/28840","targetHints":{"allow":["GET"]}}],"collection":[{"href":"https:\/\/jillesche.de\/index.php\/wp-json\/wp\/v2\/pages"}],"about":[{"href":"https:\/\/jillesche.de\/index.php\/wp-json\/wp\/v2\/types\/page"}],"author":[{"embeddable":true,"href":"https:\/\/jillesche.de\/index.php\/wp-json\/wp\/v2\/users\/1"}],"replies":[{"embeddable":true,"href":"https:\/\/jillesche.de\/index.php\/wp-json\/wp\/v2\/comments?post=28840"}],"version-history":[{"count":24,"href":"https:\/\/jillesche.de\/index.php\/wp-json\/wp\/v2\/pages\/28840\/revisions"}],"predecessor-version":[{"id":28944,"href":"https:\/\/jillesche.de\/index.php\/wp-json\/wp\/v2\/pages\/28840\/revisions\/28944"}],"wp:attachment":[{"href":"https:\/\/jillesche.de\/index.php\/wp-json\/wp\/v2\/media?parent=28840"}],"curies":[{"name":"wp","href":"https:\/\/api.w.org\/{rel}","templated":true}]}}