{"id":28851,"date":"2018-02-04T13:40:56","date_gmt":"2018-02-04T12:40:56","guid":{"rendered":"http:\/\/jillesche.de\/?page_id=28851"},"modified":"2025-05-13T12:29:07","modified_gmt":"2025-05-13T10:29:07","slug":"startseite_clean","status":"publish","type":"page","link":"https:\/\/jillesche.de\/","title":{"rendered":"Startseite"},"content":{"rendered":"<p>[et_pb_section fb_built=&#8221;1&#8243; fullwidth=&#8221;on&#8221; disabled_on=&#8221;on|on|off&#8221; _builder_version=&#8221;4.27.4&#8243; _module_preset=&#8221;default&#8221; global_colors_info=&#8221;{}&#8221;][et_pb_fullwidth_image src=&#8221;http:\/\/jillesche.de\/wp-content\/uploads\/2025\/03\/Bildschirmfoto-2025-03-07-um-14.04.18.png&#8221; title_text=&#8221;Bildschirmfoto 2025-03-07 um 14.04.18&#8243; _builder_version=&#8221;4.27.4&#8243; _module_preset=&#8221;default&#8221; global_colors_info=&#8221;{}&#8221;][\/et_pb_fullwidth_image][\/et_pb_section][et_pb_section fb_built=&#8221;1&#8243; _builder_version=&#8221;4.27.4&#8243; _module_preset=&#8221;default&#8221; global_colors_info=&#8221;{}&#8221;][et_pb_row _builder_version=&#8221;4.27.4&#8243; _module_preset=&#8221;default&#8221; global_colors_info=&#8221;{}&#8221;][et_pb_column type=&#8221;4_4&#8243; _builder_version=&#8221;4.27.4&#8243; _module_preset=&#8221;default&#8221; global_colors_info=&#8221;{}&#8221;][et_pb_image src=&#8221;http:\/\/jillesche.de\/wp-content\/uploads\/2025\/01\/Bildschirmfoto-2025-01-24-um-09.16.10.png&#8221; title_text=&#8221;Bildschirmfoto 2025-01-24 um 09.16.10&#8243; align=&#8221;center&#8221; disabled_on=&#8221;off|off|on&#8221; _builder_version=&#8221;4.27.4&#8243; _module_preset=&#8221;default&#8221; global_colors_info=&#8221;{}&#8221;][\/et_pb_image][\/et_pb_column][\/et_pb_row][\/et_pb_section][et_pb_section fb_built=&#8221;1&#8243; module_id=&#8221;cv&#8221; module_class=&#8221;cv&#8221; _builder_version=&#8221;4.16&#8243; background_color=&#8221;#ffffff&#8221; global_colors_info=&#8221;{}&#8221;][et_pb_row column_structure=&#8221;1_2,1_2&#8243; _builder_version=&#8221;4.16&#8243; global_colors_info=&#8221;{}&#8221;][et_pb_column type=&#8221;1_2&#8243; _builder_version=&#8221;4.16&#8243; custom_padding=&#8221;|||&#8221; global_colors_info=&#8221;{}&#8221; custom_padding__hover=&#8221;|||&#8221;][et_pb_image src=&#8221;http:\/\/jillesche.de\/wp-content\/uploads\/2025\/01\/Bildschirmfoto-2025-01-24-um-09.16.19.png&#8221; title_text=&#8221;Bildschirmfoto 2025-01-24 um 09.16.19&#8243; align_tablet=&#8221;center&#8221; align_phone=&#8221;&#8221; align_last_edited=&#8221;on|desktop&#8221; _builder_version=&#8221;4.27.4&#8243; global_colors_info=&#8221;{}&#8221;][\/et_pb_image][\/et_pb_column][et_pb_column type=&#8221;1_2&#8243; _builder_version=&#8221;4.16&#8243; custom_padding=&#8221;|||&#8221; global_colors_info=&#8221;{}&#8221; custom_padding__hover=&#8221;|||&#8221;][et_pb_text _builder_version=&#8221;4.27.4&#8243; text_font=&#8221;Comfortaa||||||||&#8221; text_text_color=&#8221;#000000&#8243; text_font_size=&#8221;18&#8243; text_line_height=&#8221;1.4em&#8221; background_size=&#8221;initial&#8221; background_position=&#8221;top_left&#8221; background_repeat=&#8221;repeat&#8221; max_width=&#8221;440px&#8221; max_width_tablet=&#8221;100%&#8221; custom_margin=&#8221;5%|||&#8221; custom_margin_tablet=&#8221;3%|||&#8221; custom_margin_phone=&#8221;7%|||&#8221; custom_margin_last_edited=&#8221;on|phone&#8221; custom_padding=&#8221;||30px|&#8221; text_font_size_tablet=&#8221;&#8221; text_font_size_phone=&#8221;&#8221; text_font_size_last_edited=&#8221;on|desktop&#8221; custom_css_main_element=&#8221;font-weight:300;&#8221; use_border_color=&#8221;off&#8221; inline_fonts=&#8221;Comfortaa&#8221; global_colors_info=&#8221;{}&#8221;]<\/p>\n<h1><strong>Jill Esche<\/strong><\/h1>\n<p><span style=\"font-size: medium;\"><strong>\u00dcber mich \/ Vita<\/strong><\/span><\/p>\n<p><span style=\"font-size: small;\"><strong>2007<\/strong> staatlich gepr\u00fcfte Physiotherapeutin<\/span><br \/><span style=\"font-size: small;\"><strong>2007-2010<\/strong> berufsbegleitende Ausbildung zur Manualtherapeutin (Physioklinik im Aitrachtal)<\/span><br \/><span style=\"font-size: small;\"><strong>2007<\/strong> Manuelle Lymphdrainage ( Lymphologics Hamburg)<\/span><br \/><span style=\"font-size: small;\"><strong>2012<\/strong> Er\u00f6ffnung meiner eigenen Praxis f\u00fcr Physiotherapie in K\u00f6ln<\/span><br \/><span style=\"font-size: small;\"><strong>2010-2015<\/strong> berufsbegleitendes Studium der Osteopathie an der International Academy of Osteopathy mit Abschluss D.O. <\/span><br \/><span style=\"font-size: small;\"><strong>2017-2018<\/strong> berufsbegleitendes Studium der Osteopathie f\u00fcr S\u00e4uglinge und Kleinkinder (PantaRhei, Opleidingen) <\/span><br \/><span style=\"font-size: small;\"><strong>2017<\/strong> Praxis f\u00fcr Osteopathie (Heilpraktikerin)<\/span><\/p>\n<p><span style=\"font-size: small;\">Regelm\u00e4\u00dfig nehme ich an medizinischen und osteopathischen Fortbildungen teil um mein Wissen und die Qualit\u00e4t meiner Arbeit stets zu erweitern<\/span><\/p>\n<p>[\/et_pb_text][\/et_pb_column][\/et_pb_row][\/et_pb_section][et_pb_section fb_built=&#8221;1&#8243; _builder_version=&#8221;4.16&#8243; global_colors_info=&#8221;{}&#8221;][et_pb_row column_structure=&#8221;1_2,1_2&#8243; _builder_version=&#8221;4.16&#8243; background_size=&#8221;initial&#8221; background_position=&#8221;top_left&#8221; background_repeat=&#8221;repeat&#8221; global_colors_info=&#8221;{}&#8221;][et_pb_column type=&#8221;1_2&#8243; _builder_version=&#8221;4.16&#8243; custom_padding=&#8221;|||&#8221; global_colors_info=&#8221;{}&#8221; custom_padding__hover=&#8221;|||&#8221;][et_pb_cta title=&#8221;Osteopathie&#8221; button_text=&#8221;LEARN MORE&#8221; admin_label=&#8221;Osteopathie Text&#8221; _builder_version=&#8221;4.16&#8243; header_font=&#8221;Comfortaa||||||||&#8221; header_text_color=&#8221;#000000&#8243; header_font_size=&#8221;56&#8243; header_line_height=&#8221;1.3em&#8221; body_font=&#8221;Roboto Light||||&#8221; body_text_color=&#8221;#000000&#8243; body_font_size=&#8221;20&#8243; body_line_height=&#8221;1.2em&#8221; use_background_color=&#8221;off&#8221; background_size=&#8221;initial&#8221; background_position=&#8221;top_left&#8221; background_repeat=&#8221;repeat&#8221; custom_button=&#8221;on&#8221; button_text_size=&#8221;15&#8243; button_text_color=&#8221;#000000&#8243; button_bg_color=&#8221;#aad3ca&#8221; button_border_width=&#8221;8&#8243; button_border_color=&#8221;#aad3ca&#8221; button_border_radius=&#8221;4&#8243; button_letter_spacing=&#8221;1&#8243; button_font=&#8221;Roboto||||&#8221; button_use_icon=&#8221;off&#8221; text_orientation=&#8221;left&#8221; background_layout=&#8221;light&#8221; max_width=&#8221;620px&#8221; header_font_size_tablet=&#8221;46&#8243; header_font_size_phone=&#8221;36&#8243; header_font_size_last_edited=&#8221;on|phone&#8221; custom_css_main_element=&#8221;font-weight:400;&#8221; custom_css_promo_description=&#8221;font-weight:400;&#8221; custom_css_promo_button=&#8221;margin-top:34px;&#8221; use_border_color=&#8221;off&#8221; button_border_color_hover=&#8221;#aad3ca&#8221; button_border_radius_hover=&#8221;4&#8243; button_letter_spacing_hover=&#8221;1&#8243; inline_fonts=&#8221;Comfortaa&#8221; global_colors_info=&#8221;{}&#8221; button_text_size__hover_enabled=&#8221;off&#8221; button_one_text_size__hover_enabled=&#8221;off&#8221; button_two_text_size__hover_enabled=&#8221;off&#8221; button_text_color__hover_enabled=&#8221;off&#8221; button_one_text_color__hover_enabled=&#8221;off&#8221; button_two_text_color__hover_enabled=&#8221;off&#8221; button_border_width__hover_enabled=&#8221;off&#8221; button_one_border_width__hover_enabled=&#8221;off&#8221; button_two_border_width__hover_enabled=&#8221;off&#8221; button_border_color__hover_enabled=&#8221;on&#8221; button_border_color__hover=&#8221;#aad3ca&#8221; button_one_border_color__hover_enabled=&#8221;off&#8221; button_two_border_color__hover_enabled=&#8221;off&#8221; button_border_radius__hover_enabled=&#8221;on&#8221; button_border_radius__hover=&#8221;4&#8243; button_one_border_radius__hover_enabled=&#8221;off&#8221; button_two_border_radius__hover_enabled=&#8221;off&#8221; button_letter_spacing__hover_enabled=&#8221;on&#8221; button_letter_spacing__hover=&#8221;1&#8243; button_one_letter_spacing__hover_enabled=&#8221;off&#8221; button_two_letter_spacing__hover_enabled=&#8221;off&#8221; button_bg_color__hover_enabled=&#8221;off&#8221; button_one_bg_color__hover_enabled=&#8221;off&#8221; button_two_bg_color__hover_enabled=&#8221;off&#8221;]<\/p>\n<p style=\"text-align: justify;\"><span style=\"color: #000000;\"><span style=\"font-size: medium; font-family: Comfortaa; font-weight: normal;\">Osteopathie ist eine ganzheitliche medizinische Disziplin. OsteopathInnen sp\u00fcren funktionelle Bewegungsverluste im K\u00f6rper auf, die anschlie\u00dfend gel\u00f6st werden sollen. Dadurch wird der K\u00f6rper dazu angeregt, sich in der folgenden Zeit selbst zu korrigieren.\u00a0<\/span> <span style=\"font-size: medium; font-family: Comfortaa; font-weight: normal;\">Eine effektive osteopathische Behandlung erfordert eine eingehende Anamnese und eine ausf\u00fchrliche Untersuchung. Deshalb werden f\u00fcr Anamnese, Untersuchung und Behandlung 60 Minuten eingeplant.\u00a0<\/span><\/span><\/p>\n<p>[\/et_pb_cta][\/et_pb_column][et_pb_column type=&#8221;1_2&#8243; _builder_version=&#8221;4.16&#8243; custom_padding=&#8221;|||&#8221; global_colors_info=&#8221;{}&#8221; custom_padding__hover=&#8221;|||&#8221;][\/et_pb_column][\/et_pb_row][\/et_pb_section][et_pb_section fb_built=&#8221;1&#8243; custom_padding_last_edited=&#8221;on|desktop&#8221; admin_label=&#8221;Get Started&#8221; module_id=&#8221;kontakt&#8221; module_class=&#8221;kontakt&#8221; _builder_version=&#8221;4.16&#8243; background_color=&#8221;#000000&#8243; parallax=&#8221;on&#8221; custom_padding_tablet=&#8221;50px|0|50px|0&#8243; custom_padding_phone=&#8221;&#8221; global_colors_info=&#8221;{}&#8221;][et_pb_row column_structure=&#8221;1_2,1_2&#8243; _builder_version=&#8221;4.16&#8243; global_colors_info=&#8221;{}&#8221;][et_pb_column type=&#8221;1_2&#8243; _builder_version=&#8221;4.16&#8243; custom_padding=&#8221;|||&#8221; global_colors_info=&#8221;{}&#8221; custom_padding__hover=&#8221;|||&#8221;][et_pb_text module_id=&#8221;kontakt&#8221; module_class=&#8221;kontakt&#8221; _builder_version=&#8221;4.16&#8243; text_font=&#8221;Comfortaa||||||||&#8221; header_font=&#8221;Comfortaa||||||||&#8221; global_colors_info=&#8221;{}&#8221;]<\/p>\n<h1><span style=\"color: #ffffff;\">Kontakt<\/span><\/h1>\n<p>[\/et_pb_text][et_pb_cta button_text=&#8221;LEARN MORE&#8221; admin_label=&#8221;Call to action&#8221; _builder_version=&#8221;4.16&#8243; header_font=&#8221;Roboto|on|||&#8221; header_text_color=&#8221;#ffffff&#8221; header_font_size=&#8221;38&#8243; header_line_height=&#8221;1.3em&#8221; body_font=&#8221;Roboto Light||||&#8221; body_text_color=&#8221;#aad3ca&#8221; body_font_size=&#8221;20&#8243; body_line_height=&#8221;1.2em&#8221; use_background_color=&#8221;off&#8221; background_size=&#8221;initial&#8221; background_position=&#8221;top_left&#8221; background_repeat=&#8221;repeat&#8221; custom_button=&#8221;on&#8221; button_text_size=&#8221;15&#8243; button_text_color=&#8221;#374441&#8243; button_bg_color=&#8221;#aad3ca&#8221; button_border_width=&#8221;8&#8243; button_border_color=&#8221;#aad3ca&#8221; button_border_radius=&#8221;4&#8243; button_letter_spacing=&#8221;1&#8243; button_font=&#8221;Roboto||||&#8221; button_use_icon=&#8221;off&#8221; text_orientation=&#8221;left&#8221; custom_margin=&#8221;||30px|&#8221; header_font_size_tablet=&#8221;30&#8243; header_font_size_phone=&#8221;20&#8243; header_font_size_last_edited=&#8221;on|phone&#8221; custom_css_main_element=&#8221;font-weight:400;&#8221; custom_css_promo_description=&#8221;font-weight:400;&#8221; custom_css_promo_button=&#8221;margin-top:34px;&#8221; use_border_color=&#8221;off&#8221; button_border_color_hover=&#8221;#aad3ca&#8221; button_border_radius_hover=&#8221;4&#8243; button_letter_spacing_hover=&#8221;1&#8243; inline_fonts=&#8221;Comfortaa&#8221; global_colors_info=&#8221;{}&#8221; button_text_size__hover_enabled=&#8221;off&#8221; button_one_text_size__hover_enabled=&#8221;off&#8221; button_two_text_size__hover_enabled=&#8221;off&#8221; button_text_color__hover_enabled=&#8221;off&#8221; button_one_text_color__hover_enabled=&#8221;off&#8221; button_two_text_color__hover_enabled=&#8221;off&#8221; button_border_width__hover_enabled=&#8221;off&#8221; button_one_border_width__hover_enabled=&#8221;off&#8221; button_two_border_width__hover_enabled=&#8221;off&#8221; button_border_color__hover_enabled=&#8221;on&#8221; button_border_color__hover=&#8221;#aad3ca&#8221; button_one_border_color__hover_enabled=&#8221;off&#8221; button_two_border_color__hover_enabled=&#8221;off&#8221; button_border_radius__hover_enabled=&#8221;on&#8221; button_border_radius__hover=&#8221;4&#8243; button_one_border_radius__hover_enabled=&#8221;off&#8221; button_two_border_radius__hover_enabled=&#8221;off&#8221; button_letter_spacing__hover_enabled=&#8221;on&#8221; button_letter_spacing__hover=&#8221;1&#8243; button_one_letter_spacing__hover_enabled=&#8221;off&#8221; button_two_letter_spacing__hover_enabled=&#8221;off&#8221; button_bg_color__hover_enabled=&#8221;off&#8221; button_one_bg_color__hover_enabled=&#8221;off&#8221; button_two_bg_color__hover_enabled=&#8221;off&#8221;]<\/p>\n<p><span style=\"color: #ffffff; font-family: Comfortaa;\">Jill Esche<\/span><br \/><span style=\"color: #ffffff; font-family: Comfortaa;\">Praxis f\u00fcr Osteopathie Heilpraktikerin<\/span><br \/><span style=\"color: #ffffff; font-family: Comfortaa;\">Wilhelmstra\u00dfe 67<\/span><br \/><span style=\"color: #ffffff; font-family: Comfortaa;\">50733 K\u00f6ln<\/span><\/p>\n<p><span style=\"color: #ffffff; font-family: Comfortaa;\"><span>Weiterer Behandlungsraum in Kommern:<\/span><\/span><span style=\"color: #ffffff; font-family: Comfortaa;\"><span><\/span><\/span><\/p>\n<p><span style=\"color: #ffffff; font-family: Comfortaa;\">Praxis Eric Bank<br \/><\/span><\/p>\n<p><span style=\"font-family: Comfortaa; color: #ffffff;\">Auf der Trift 3<\/span><br \/><span style=\"font-family: Comfortaa; color: #ffffff;\">53894 Mechernich (Kommern)<\/span><\/p>\n<p>&nbsp;<\/p>\n<p>&nbsp;<\/p>\n<p><span color=\"#ffffff\" face=\"Comfortaa\" style=\"color: #ffffff; font-family: Comfortaa;\">Tel.: 0171 766 85 13\u00a0<\/span><br \/><span color=\"#ffffff\" face=\"Comfortaa\" style=\"color: #ffffff; font-family: Comfortaa;\">Termine nach telefonischer Vereinbarung.<\/span><\/p>\n<p>[\/et_pb_cta][\/et_pb_column][et_pb_column type=&#8221;1_2&#8243; _builder_version=&#8221;4.16&#8243; custom_padding=&#8221;|||&#8221; global_colors_info=&#8221;{}&#8221; custom_padding__hover=&#8221;|||&#8221;][et_pb_gallery gallery_ids=&#8221;29004,29005,29006&#8243; gallery_captions=&#8221;Eingangsbereich K\u00f6ln-Nippes,Behandlungsraum K\u00f6ln-Nippes,Behandlungsraum K\u00f6ln-Nippes&#8221; fullwidth=&#8221;on&#8221; _builder_version=&#8221;4.27.4&#8243; caption_text_align=&#8221;center&#8221; background_layout=&#8221;dark&#8221; auto=&#8221;on&#8221; auto_speed=&#8221;2500&#8243; global_colors_info=&#8221;{}&#8221;]\u00a0<br \/>\n[\/et_pb_gallery][et_pb_accordion open_toggle_text_color=&#8221;#ffffff&#8221; closed_toggle_text_color=&#8221;#ffffff&#8221; module_id=&#8221;kosten&#8221; module_class=&#8221;kosten&#8221; _builder_version=&#8221;4.17.6&#8243; toggle_font=&#8221;||||||||&#8221; body_font=&#8221;Comfortaa||||||||&#8221; body_text_color=&#8221;#ffffff&#8221; max_width=&#8221;91%&#8221; global_colors_info=&#8221;{}&#8221;][et_pb_accordion_item title=&#8221;Kosten Pro Behandlung&#8221; open=&#8221;on&#8221; content_tablet=&#8221;<\/p>\n<p class=%22p1%22><span class=%22s1%22>Pro Behandlung werden ca. 90 \u20ac berechnet. Die Abrechnung erfolgt nach der Geb\u00fchrenordnung f\u00fcr Heilpraktiker. Viele gesetzliche Kassen bezuschussen einige osteopathische Behandlungen pro Jahr. Private Kassen erstatten Heilpraktikerleistungen sofern nicht anders vertraglich vereinbart. Bitte informieren Sie sich selbst\u00e4ndig, in welchem Umfang und wie eine R\u00fcckerstattung erfolgen kann. <\/span><\/p>\n<p>&#8221; content_phone=&#8221;<\/p>\n<p class=%22p1%22><span class=%22s1%22>Die Abrechnung erfolgt nach der Geb\u00fchrenordnung f\u00fcr Heilpraktiker. Die Kosten pro Behandlung liegen inflationsangepasst zwischen 95 und 105 \u20ac. Viele gesetzliche Kassen bezuschussen einige osteopathische Behandlungen pro Jahr. Private Kassen erstatten Heilpraktikerleistungen sofern nicht anders vertraglich vereinbart. Bitte informieren Sie sich selbst\u00e4ndig, in welchem Umfang und wie eine R\u00fcckerstattung erfolgen kann. <\/span><\/p>\n<p>&#8221; content_last_edited=&#8221;on|desktop&#8221; _builder_version=&#8221;4.17.6&#8243; background_color=&#8221;rgba(0,0,0,0.14)&#8221; border_width_all=&#8221;6px&#8221; global_colors_info=&#8221;{}&#8221;]<\/p>\n<p class=\"p1\"><span class=\"s1\">Die Abrechnung erfolgt nach der Geb\u00fchrenordnung f\u00fcr Heilpraktiker. Die Kosten pro Behandlung liegen inflationsangepasst zwischen 95 und 105 \u20ac. Viele gesetzliche Kassen bezuschussen einige osteopathische Behandlungen pro Jahr. Private Kassen erstatten Heilpraktikerleistungen sofern nicht anders vertraglich vereinbart. Bitte informieren Sie sich selbst\u00e4ndig, in welchem Umfang und wie eine R\u00fcckerstattung erfolgen kann. <\/span><\/p>\n<p>[\/et_pb_accordion_item][\/et_pb_accordion][\/et_pb_column][\/et_pb_row][\/et_pb_section][et_pb_section fb_built=&#8221;1&#8243; admin_label=&#8221;Footer&#8221; _builder_version=&#8221;4.16&#8243; background_color=&#8221;#000000&#8243; custom_padding=&#8221;0px||0px|&#8221; custom_padding_tablet=&#8221;0px||0px|&#8221; transparent_background=&#8221;off&#8221; padding_mobile=&#8221;on&#8221; global_colors_info=&#8221;{}&#8221;][et_pb_row column_structure=&#8221;1_2,1_4,1_4&#8243; use_custom_gutter=&#8221;on&#8221; gutter_width=&#8221;2&#8243; padding_mobile=&#8221;on&#8221; column_padding_mobile=&#8221;on&#8221; admin_label=&#8221;Row&#8221; _builder_version=&#8221;4.16&#8243; background_size=&#8221;initial&#8221; background_position=&#8221;top_left&#8221; background_repeat=&#8221;repeat&#8221; custom_padding=&#8221;50px||50px|&#8221; global_colors_info=&#8221;{}&#8221;][et_pb_column type=&#8221;1_2&#8243; _builder_version=&#8221;4.16&#8243; custom_padding=&#8221;|||&#8221; global_colors_info=&#8221;{}&#8221; custom_padding__hover=&#8221;|||&#8221;][et_pb_text _builder_version=&#8221;4.16&#8243; text_font=&#8221;Roboto|on|||&#8221; text_text_color=&#8221;#8bd3c8&#8243; text_font_size=&#8221;28&#8243; text_line_height=&#8221;1.4em&#8221; background_size=&#8221;initial&#8221; background_position=&#8221;top_left&#8221; background_repeat=&#8221;repeat&#8221; custom_margin=&#8221;||8px|&#8221; custom_css_main_element=&#8221;font-weight: 900;&#8221; use_border_color=&#8221;off&#8221; border_style=&#8221;solid&#8221; global_colors_info=&#8221;{}&#8221;]<img loading=\"lazy\" decoding=\"async\" class=\"wp-image-28513 alignnone size-medium\" src=\"http:\/\/jillesche.de\/wp-content\/uploads\/2018\/01\/logo-jill_kleiner-235x300.png\" alt=\"\" width=\"158\" height=\"202\" srcset=\"https:\/\/jillesche.de\/wp-content\/uploads\/2018\/01\/logo-jill_kleiner-235x300.png 235w, https:\/\/jillesche.de\/wp-content\/uploads\/2018\/01\/logo-jill_kleiner.png 283w\" sizes=\"(max-width: 158px) 100vw, 158px\" \/><br \/>\n[\/et_pb_text][et_pb_text _builder_version=&#8221;4.16&#8243; text_font=&#8221;Roboto||||&#8221; text_text_color=&#8221;#848484&#8243; text_font_size=&#8221;16&#8243; text_line_height=&#8221;1.5em&#8221; background_size=&#8221;initial&#8221; background_position=&#8221;top_left&#8221; background_repeat=&#8221;repeat&#8221; max_width=&#8221;300px&#8221; custom_margin=&#8221;||30px|&#8221; custom_margin_tablet=&#8221;||10px|&#8221; custom_margin_phone=&#8221;&#8221; custom_margin_last_edited=&#8221;on|tablet&#8221; custom_padding=&#8221;0px|||&#8221; use_border_color=&#8221;off&#8221; border_style=&#8221;solid&#8221; global_colors_info=&#8221;{}&#8221;]\u00a0<br \/>\n[\/et_pb_text][et_pb_text _builder_version=&#8221;4.16&#8243; text_font=&#8221;Roboto Condensed|on|||&#8221; text_text_color=&#8221;#848484&#8243; text_font_size=&#8221;12&#8243; text_line_height=&#8221;1.5em&#8221; background_size=&#8221;initial&#8221; background_position=&#8221;top_left&#8221; background_repeat=&#8221;repeat&#8221; max_width=&#8221;300px&#8221; custom_padding=&#8221;0px|||&#8221; use_border_color=&#8221;off&#8221; border_style=&#8221;solid&#8221; global_colors_info=&#8221;{}&#8221;]\u00a0<br \/>\n[\/et_pb_text][\/et_pb_column][et_pb_column type=&#8221;1_4&#8243; _builder_version=&#8221;4.16&#8243; custom_padding=&#8221;|||&#8221; global_colors_info=&#8221;{}&#8221; custom_padding__hover=&#8221;|||&#8221;][et_pb_text _builder_version=&#8221;4.16&#8243; text_font=&#8221;Comfortaa|700|||||||&#8221; text_text_color=&#8221;#848484&#8243; text_font_size=&#8221;18&#8243; text_line_height=&#8221;1.4em&#8221; header_font=&#8221;Comfortaa||||||||&#8221; background_size=&#8221;initial&#8221; background_position=&#8221;top_left&#8221; background_repeat=&#8221;repeat&#8221; custom_margin=&#8221;||8px|&#8221; use_border_color=&#8221;off&#8221; border_style=&#8221;solid&#8221; global_colors_info=&#8221;{}&#8221;]Sonstiges<br \/>\n[\/et_pb_text][et_pb_text _builder_version=&#8221;4.16&#8243; text_font=&#8221;Comfortaa||||||||&#8221; text_text_color=&#8221;#ffffff&#8221; text_font_size=&#8221;16&#8243; text_line_height=&#8221;2.2em&#8221; background_size=&#8221;initial&#8221; background_position=&#8221;top_left&#8221; background_repeat=&#8221;repeat&#8221; custom_margin=&#8221;||0px|&#8221; custom_padding=&#8221;0px|||&#8221; use_border_color=&#8221;off&#8221; border_style=&#8221;solid&#8221; global_colors_info=&#8221;{}&#8221;]<\/p>\n<p><a href=\"index.php\/impressum\/\"><span style=\"color: #0c71c3;\">Impressum<\/span><\/a><\/p>\n<p>&nbsp;<\/p>\n<p>[\/et_pb_text][et_pb_text _builder_version=&#8221;4.16&#8243; text_font=&#8221;Comfortaa||||||||&#8221; text_text_color=&#8221;#ffffff&#8221; text_font_size=&#8221;16&#8243; text_line_height=&#8221;2.2em&#8221; background_size=&#8221;initial&#8221; background_position=&#8221;top_left&#8221; background_repeat=&#8221;repeat&#8221; custom_margin=&#8221;||0px|&#8221; custom_padding=&#8221;0px|||&#8221; use_border_color=&#8221;off&#8221; border_style=&#8221;solid&#8221; global_colors_info=&#8221;{}&#8221;]<\/p>\n<p><a href=\"index.php\/datenschutz\"><span style=\"color: #0c71c3;\">Datenschutzerkl\u00e4rung<\/span><\/a><\/p>\n<p>&nbsp;<\/p>\n<p>[\/et_pb_text][\/et_pb_column][et_pb_column type=&#8221;1_4&#8243; _builder_version=&#8221;4.16&#8243; custom_padding=&#8221;|||&#8221; global_colors_info=&#8221;{}&#8221; custom_padding__hover=&#8221;|||&#8221;][\/et_pb_column][\/et_pb_row][\/et_pb_section]<\/p>\n","protected":false},"excerpt":{"rendered":"<p>Jill Esche \u00dcber mich \/ Vita 2007 staatlich gepr\u00fcfte Physiotherapeutin2007-2010 berufsbegleitende Ausbildung zur Manualtherapeutin (Physioklinik im Aitrachtal)2007 Manuelle Lymphdrainage ( Lymphologics Hamburg)2012 Er\u00f6ffnung meiner eigenen Praxis f\u00fcr Physiotherapie in K\u00f6ln2010-2015 berufsbegleitendes Studium der Osteopathie an der International Academy of Osteopathy mit Abschluss D.O. 2017-2018 berufsbegleitendes Studium der Osteopathie f\u00fcr S\u00e4uglinge und Kleinkinder (PantaRhei, Opleidingen) 2017 [&hellip;]<\/p>\n","protected":false},"author":1,"featured_media":0,"parent":0,"menu_order":0,"comment_status":"closed","ping_status":"closed","template":"","meta":{"_et_pb_use_builder":"on","_et_pb_old_content":"","_et_gb_content_width":"","footnotes":""},"class_list":["post-28851","page","type-page","status-publish","hentry"],"_links":{"self":[{"href":"https:\/\/jillesche.de\/index.php\/wp-json\/wp\/v2\/pages\/28851","targetHints":{"allow":["GET"]}}],"collection":[{"href":"https:\/\/jillesche.de\/index.php\/wp-json\/wp\/v2\/pages"}],"about":[{"href":"https:\/\/jillesche.de\/index.php\/wp-json\/wp\/v2\/types\/page"}],"author":[{"embeddable":true,"href":"https:\/\/jillesche.de\/index.php\/wp-json\/wp\/v2\/users\/1"}],"replies":[{"embeddable":true,"href":"https:\/\/jillesche.de\/index.php\/wp-json\/wp\/v2\/comments?post=28851"}],"version-history":[{"count":72,"href":"https:\/\/jillesche.de\/index.php\/wp-json\/wp\/v2\/pages\/28851\/revisions"}],"predecessor-version":[{"id":29014,"href":"https:\/\/jillesche.de\/index.php\/wp-json\/wp\/v2\/pages\/28851\/revisions\/29014"}],"wp:attachment":[{"href":"https:\/\/jillesche.de\/index.php\/wp-json\/wp\/v2\/media?parent=28851"}],"curies":[{"name":"wp","href":"https:\/\/api.w.org\/{rel}","templated":true}]}}